{"id":2997,"date":"2025-09-28T22:19:41","date_gmt":"2025-09-28T22:19:41","guid":{"rendered":"https:\/\/cocktailbasket.net\/?post_type=product&#038;p=2997"},"modified":"2026-02-14T09:20:04","modified_gmt":"2026-02-14T09:20:04","slug":"now-foods-sleep-90-veg-capsules","status":"publish","type":"product","link":"https:\/\/cocktailbasket.net\/ar\/product\/now-foods-sleep-90-veg-capsules\/","title":{"rendered":"NOW Foods \u2013 \u0643\u0628\u0633\u0648\u0644\u0627\u062a \u0627\u0644\u0646\u0648\u0645\u060c 90 \u0643\u0628\u0633\u0648\u0644\u0629 \u0646\u0628\u0627\u062a\u064a\u0629"},"content":{"rendered":"<h2 data-start=\"301\" data-end=\"389\"><img decoding=\"async\" src=\"https:\/\/m.media-amazon.com\/images\/I\/71iWeKWxDIL.jpg_BO30,255,255,255_UF900,850_SR1910,1000,0,C_QL100_.jpg\" alt=\"Amazon.com: Now Foods Sleep, 90 Vegetarian Capsules : Health &amp; Household\" \/><\/h2>\n<h2 data-start=\"301\" data-end=\"389\">NOW Foods \u2013 \u0643\u0628\u0633\u0648\u0644\u0627\u062a \u0627\u0644\u0646\u0648\u0645\u060c 90 \u0643\u0628\u0633\u0648\u0644\u0629 \u0646\u0628\u0627\u062a\u064a\u0629\n\u0627\u0644\u0633\u0639\u0631: 18.56 \u062f\u0648\u0644\u0627\u0631<\/h2>\n<p data-start=\"391\" data-end=\"772\" class=\"translation-block\">\u0627\u062e\u062a\u0628\u0631 \u0646\u0648\u0645\u064b\u0627 \u0647\u0627\u062f\u0626\u064b\u0627 \u0648\u0645\u062c\u062f\u062f\u064b\u0627 \u0644\u0644\u0646\u0634\u0627\u0637 \u0645\u0639 NOW\u00ae Sleep\u060c \u0645\u0632\u064a\u062c \u0646\u0628\u0627\u062a\u064a \u0637\u0628\u064a\u0639\u064a \u0645\u0635\u0645\u0645 \u0644\u062a\u0647\u062f\u0626\u0629 \u0627\u0644\u0639\u0642\u0644 \u0648\u0627\u0633\u062a\u0631\u062e\u0627\u0621 \u0627\u0644\u062c\u0633\u0645.\n\u064a\u062c\u0645\u0639 \u0647\u0630\u0627 \u0627\u0644\u0645\u0643\u0645\u0644 \u0628\u064a\u0646 \u0645\u0633\u062a\u062e\u0644\u0635 \u062c\u0630\u0631 \u0627\u0644\u0646\u0627\u0631\u062f\u064a\u0646\u060c \u0627\u0644\u062c\u0646\u062c\u0644\u060c \u0632\u0647\u0631\u0629 \u0627\u0644\u0622\u0644\u0627\u0645\u060c \u0648GABA \u0644\u062a\u062e\u0641\u064a\u0641 \u0627\u0644\u062a\u0648\u062a\u0631 \u0627\u0644\u0639\u0635\u0628\u064a\u060c \u062a\u0639\u0632\u064a\u0632 \u0627\u0644\u0627\u0633\u062a\u0631\u062e\u0627\u0621\u060c \u0648\u0645\u0633\u0627\u0639\u062f\u062a\u0643 \u0639\u0644\u0649 \u0627\u0644\u062f\u062e\u0648\u0644 \u0641\u064a \u0646\u0648\u0645 \u0639\u0645\u064a\u0642 \u0648\u0645\u0631\u064a\u062d.* \u0627\u0633\u062a\u064a\u0642\u0638 \u0643\u0644 \u0635\u0628\u0627\u062d \u0648\u0623\u0646\u062a \u062a\u0634\u0639\u0631 \u0628\u0627\u0644\u0627\u0646\u062a\u0639\u0627\u0634 \u0648\u0627\u0644\u062d\u064a\u0648\u064a\u0629.<\/p>\n<h3 data-start=\"774\" data-end=\"793\">\u2705 \u0627\u0644\u0641\u0648\u0627\u0626\u062f \u0627\u0644\u0631\u0626\u064a\u0633\u064a\u0629:<\/h3>\n<ul data-start=\"794\" data-end=\"1146\">\n<li data-start=\"794\" data-end=\"853\">\n<p data-start=\"796\" data-end=\"853\" class=\"translation-block\">- \u062f\u0639\u0645 \u0639\u0634\u0628\u064a \u0644\u0644\u0646\u0648\u0645 \u0627\u0644\u0647\u0627\u062f\u0626 \u0648\u0627\u0644\u0639\u0645\u064a\u0642*<\/p>\n<\/li>\n<li data-start=\"854\" data-end=\"918\">\n<p data-start=\"856\" data-end=\"918\" class=\"translation-block\">- \u062c\u0630\u0631 \u0627\u0644\u0646\u0627\u0631\u062f\u064a\u0646 \u0648\u0627\u0644\u062c\u0646\u062c\u0644 \u0644\u0644\u0627\u0633\u062a\u0631\u062e\u0627\u0621 \u0627\u0644\u0637\u0628\u064a\u0639\u064a \u0648\u0627\u0644\u0647\u062f\u0648\u0621*<\/p>\n<\/li>\n<li data-start=\"919\" data-end=\"988\">\n<p data-start=\"921\" data-end=\"988\" class=\"translation-block\">- \u0632\u0647\u0631\u0629 \u0627\u0644\u0622\u0644\u0627\u0645 \u0648GABA \u0644\u062a\u0642\u0644\u064a\u0644 \u0627\u0644\u062a\u0648\u062a\u0631 \u0627\u0644\u0639\u0635\u0628\u064a \u0648\u0627\u0644\u0625\u062c\u0647\u0627\u062f*<\/p>\n<\/li>\n<li data-start=\"989\" data-end=\"1042\">\n<p data-start=\"991\" data-end=\"1042\" class=\"translation-block\">- \u0646\u0628\u0627\u062a\u064a\/\u0646\u0628\u0627\u062a\u064a \u0628\u0627\u0644\u0643\u0627\u0645\u0644\u060c \u062d\u0627\u0635\u0644 \u0639\u0644\u0649 \u0634\u0647\u0627\u062f\u0627\u062a \u0627\u0644\u0643\u0648\u0634\u0631 \u0648\u0627\u0644\u062d\u0644\u0627\u0644<\/p>\n<\/li>\n<li data-start=\"1043\" data-end=\"1092\">\n<p data-start=\"1045\" data-end=\"1092\" class=\"translation-block\">- \u062a\u0631\u0643\u064a\u0628\u0629 \u063a\u064a\u0631 \u0645\u0639\u062f\u0644\u0629 \u0648\u0631\u0627\u062b\u064a\u064b\u0627\u060c \u062e\u0627\u0644\u064a\u0629 \u0645\u0646 \u0627\u0644\u063a\u0644\u0648\u062a\u064a\u0646 \u0648\u0627\u0644\u0635\u0648\u064a\u0627<\/p>\n<\/li>\n<li data-start=\"1093\" data-end=\"1146\">\n<p data-start=\"1095\" data-end=\"1146\" class=\"translation-block\">- \u062c\u0648\u062f\u0629 \u0645\u0636\u0645\u0648\u0646\u0629 \u0648\u0641\u0642\u064b\u0627 \u0644\u0645\u0639\u0627\u064a\u064a\u0631 \u0627\u0644\u062a\u0635\u0646\u064a\u0639 \u0627\u0644\u062c\u064a\u062f (GMP)<\/p>\n<\/li>\n<\/ul>\n<h3 data-start=\"1148\" data-end=\"1168\">\u0637\u0631\u064a\u0642\u0629 \u0627\u0644\u0627\u0633\u062a\u062e\u062f\u0627\u0645:<\/h3>\n<p data-start=\"1169\" data-end=\"1227\" class=\"translation-block\">\u062a\u0646\u0627\u0648\u0644 \u0645\u0646 \u0643\u0628\u0633\u0648\u0644\u0629 \u0625\u0644\u0649 \u0643\u0628\u0633\u0648\u0644\u062a\u064a\u0646 \u0642\u0628\u0644 \u0633\u0627\u0639\u0629 \u0645\u0646 \u0627\u0644\u0646\u0648\u0645 \u062d\u0633\u0628 \u0627\u0644\u062d\u0627\u062c\u0629.<\/p>\n<h3 data-start=\"1229\" data-end=\"1253\">\ud83c\udf31 \u0627\u0644\u0645\u0643\u0648\u0646\u0627\u062a \u0627\u0644\u0646\u0638\u064a\u0641\u0629:<\/h3>\n<ul data-start=\"1254\" data-end=\"1536\">\n<li data-start=\"1254\" data-end=\"1331\">\n<p data-start=\"1256\" data-end=\"1331\" class=\"translation-block\">\u0627\u0644\u0645\u0643\u0648\u0646\u0627\u062a \u0627\u0644\u0641\u0639\u0627\u0644\u0629:\n- \u0645\u0633\u062a\u062e\u0644\u0635 \u062c\u0630\u0631 \u0627\u0644\u0646\u0627\u0631\u062f\u064a\u0646\n- \u0627\u0644\u062c\u0646\u062c\u0644\n- \u0632\u0647\u0631\u0629 \u0627\u0644\u0622\u0644\u0627\u0645\n- GABA<\/p>\n<\/li>\n<li data-start=\"1332\" data-end=\"1536\">\n<p data-start=\"1334\" data-end=\"1536\" class=\"translation-block\">\u0645\u0643\u0648\u0646\u0627\u062a \u0623\u062e\u0631\u0649:\n- \u0645\u0627\u0644\u062a\u0648\u062f\u064a\u0643\u0633\u062a\u0631\u064a\u0646 (\u063a\u064a\u0631 \u0645\u0639\u062f\u0644 \u0648\u0631\u0627\u062b\u064a\u064b\u0627)\n- \u0647\u064a\u0628\u0631\u0648\u0645\u064a\u0644\u0648\u0632 (\u0643\u0628\u0633\u0648\u0644\u0629 \u0646\u0628\u0627\u062a\u064a\u0629)\n- \u062b\u0627\u0646\u064a \u0623\u0643\u0633\u064a\u062f \u0627\u0644\u0633\u064a\u0644\u064a\u0643\u0648\u0646\n- \u0623\u0633\u0643\u0648\u0631\u0628\u064a\u0644 \u0628\u0627\u0644\u0645\u064a\u062a\u0627\u062a\n\n\u2705 \u062e\u0627\u0644\u064d \u0645\u0646: \u0627\u0644\u0642\u0645\u062d\u060c \u0627\u0644\u063a\u0644\u0648\u062a\u064a\u0646\u060c \u0627\u0644\u0635\u0648\u064a\u0627\u060c \u0645\u0646\u062a\u062c\u0627\u062a \u0627\u0644\u0623\u0644\u0628\u0627\u0646\u060c \u0627\u0644\u0628\u064a\u0636\u060c \u0627\u0644\u0623\u0633\u0645\u0627\u0643\u060c \u0627\u0644\u0645\u062d\u0627\u0631\u060c \u0627\u0644\u0645\u0643\u0633\u0631\u0627\u062a\u060c \u0648\u0627\u0644\u0633\u0645\u0633\u0645.<\/p>\n<\/li>\n<\/ul>\n<h3 data-start=\"1538\" data-end=\"1553\">\u26a0 \u0627\u0644\u062a\u062d\u0630\u064a\u0631\u0627\u062a:<\/h3>\n<ul data-start=\"1554\" data-end=\"1845\">\n<li data-start=\"1554\" data-end=\"1574\">\n<p data-start=\"1556\" data-end=\"1574\">- \u0644\u0644\u0628\u0627\u0644\u063a\u064a\u0646 \u0641\u0642\u0637<\/p>\n<\/li>\n<li data-start=\"1575\" data-end=\"1623\">\n<p data-start=\"1577\" data-end=\"1623\">- \u0644\u0627 \u062a\u0642\u0645 \u0628\u0627\u0644\u0642\u064a\u0627\u062f\u0629 \u0623\u0648 \u062a\u0634\u063a\u064a\u0644 \u0627\u0644\u0622\u0644\u0627\u062a \u0628\u0639\u062f \u0627\u0644\u0627\u0633\u062a\u062e\u062f\u0627\u0645<\/p>\n<\/li>\n<li data-start=\"1624\" data-end=\"1683\">\n<p data-start=\"1626\" data-end=\"1683\">- \u0642\u062f \u064a\u062a\u0641\u0627\u0639\u0644 \u0645\u0639 \u0627\u0644\u0643\u062d\u0648\u0644 \u0623\u0648 \u0627\u0644\u0645\u0647\u062f\u0626\u0627\u062a \u0623\u0648 \u0627\u0644\u0645\u0647\u062f\u0626\u0627\u062a \u0627\u0644\u0639\u0635\u0628\u064a\u0629<\/p>\n<\/li>\n<li data-start=\"1684\" data-end=\"1778\">\n<p data-start=\"1686\" data-end=\"1778\">- \u0627\u0633\u062a\u0634\u0631 \u0627\u0644\u0637\u0628\u064a\u0628 \u0625\u0630\u0627 \u0643\u0646\u062a\u0650 \u062d\u0627\u0645\u0644\u064b\u0627\u060c \u0645\u0631\u0636\u0639\u0629\u060c \u062a\u062a\u0646\u0627\u0648\u0644 \u0623\u062f\u0648\u064a\u0629\u060c \u0623\u0648 \u062a\u0639\u0627\u0646\u064a \u0645\u0646 \u062d\u0627\u0644\u0629 \u0635\u062d\u064a\u0629<\/p>\n<\/li>\n<li data-start=\"1779\" data-end=\"1813\">\n<p data-start=\"1781\" data-end=\"1813\">- \u064a\u064f\u062d\u0641\u0638 \u0628\u0639\u064a\u062f\u064b\u0627 \u0639\u0646 \u0645\u062a\u0646\u0627\u0648\u0644 \u0627\u0644\u0623\u0637\u0641\u0627\u0644<\/p>\n<\/li>\n<li data-start=\"1814\" data-end=\"1845\">\n<p data-start=\"1816\" data-end=\"1845\">- \u064a\u064f\u062e\u0632\u0646 \u0641\u064a \u0645\u0643\u0627\u0646 \u0628\u0627\u0631\u062f \u0648\u062c\u0627\u0641 \u0628\u0639\u062f \u0627\u0644\u0641\u062a\u062d<\/p>\n<\/li>\n<\/ul>\n<h3 data-start=\"1847\" data-end=\"1869\">\ud83c\udfc5 \u062c\u0648\u062f\u0629 \u0645\u0648\u062b\u0648\u0642\u0629:<\/h3>\n<ul data-start=\"1870\" data-end=\"2094\">\n<li data-start=\"1870\" data-end=\"1949\">\n<p data-start=\"1872\" data-end=\"1949\" class=\"translation-block\">- \u0645\u064f\u0635\u0646\u0639 \u0648\u0645\u062e\u062a\u0628\u0631 \u0641\u064a \u0627\u0644\u0648\u0644\u0627\u064a\u0627\u062a \u0627\u0644\u0645\u062a\u062d\u062f\u0629 \u0628\u0627\u0633\u062a\u062e\u062f\u0627\u0645 \u0645\u0643\u0648\u0646\u0627\u062a \u0645\u0646 \u0645\u0635\u0627\u062f\u0631 \u0639\u0627\u0644\u0645\u064a\u0629<\/p>\n<\/li>\n<li data-start=\"1950\" data-end=\"2022\">\n<p data-start=\"1952\" data-end=\"2022\" class=\"translation-block\">- \u0634\u0631\u0643\u0629 \u0639\u0627\u0626\u0644\u064a\u0629 \u0645\u0646\u0630 \u0639\u0627\u0645 1968 \u0645\u0644\u062a\u0632\u0645\u0629 \u0628\u0627\u0644\u0635\u062d\u0629 \u0627\u0644\u0637\u0628\u064a\u0639\u064a\u0629<\/p>\n<\/li>\n<li data-start=\"2023\" data-end=\"2094\">\n<p data-start=\"2025\" data-end=\"2094\" class=\"translation-block\">- \u0645\u0633\u0627\u0639\u062f \u0646\u0648\u0645 \u0639\u0634\u0628\u064a \u063a\u064a\u0631 \u0645\u0639\u062f\u0644 \u0648\u0631\u0627\u062b\u064a\u064b\u0627 \u0648\u0622\u0645\u0646 \u0644\u0644\u0627\u0633\u062a\u062e\u062f\u0627\u0645 \u0627\u0644\u0644\u064a\u0644\u064a \u0627\u0644\u0645\u0646\u062a\u0638\u0645<\/p>\n<\/li>\n<\/ul>\n<p><img decoding=\"async\" src=\"https:\/\/ma.jumia.is\/unsafe\/fit-in\/500x500\/filters:fill(white)\/product\/15\/228956\/1.jpg?1046\" alt=\"Now Foods Sleep, M\u00e9lange v\u00e9g\u00e9tal pour le sommeil, 90 capsules v\u00e9g\u00e9tales | \u062c\u0648\u0645\u064a\u0627 \u0627\u0644\u0645\u063a\u0631\u0628\" \/><\/p>","protected":false},"excerpt":{"rendered":"<p class=\"translation-block\">\u0627\u062e\u062a\u0628\u0631 \u0646\u0648\u0645\u064b\u0627 \u0647\u0627\u062f\u0626\u064b\u0627 \u0648\u0645\u062c\u062f\u062f\u064b\u0627 \u0644\u0644\u0646\u0634\u0627\u0637 \u0645\u0639 NOW\u00ae Sleep\u060c \u0645\u0632\u064a\u062c \u0646\u0628\u0627\u062a\u064a \u0637\u0628\u064a\u0639\u064a \u0645\u0635\u0645\u0645 \u0644\u062a\u0647\u062f\u0626\u0629 \u0627\u0644\u0639\u0642\u0644 \u0648\u0627\u0633\u062a\u0631\u062e\u0627\u0621 \u0627\u0644\u062c\u0633\u0645.\n\u064a\u062c\u0645\u0639 \u0647\u0630\u0627 \u0627\u0644\u0645\u0643\u0645\u0644 \u0628\u064a\u0646 \u0645\u0633\u062a\u062e\u0644\u0635 \u062c\u0630\u0631 \u0627\u0644\u0646\u0627\u0631\u062f\u064a\u0646\u060c \u0627\u0644\u062c\u0646\u062c\u0644\u060c \u0632\u0647\u0631\u0629 \u0627\u0644\u0622\u0644\u0627\u0645\u060c \u0648GABA \u0644\u062a\u062e\u0641\u064a\u0641 \u0627\u0644\u062a\u0648\u062a\u0631 \u0627\u0644\u0639\u0635\u0628\u064a\u060c \u062a\u0639\u0632\u064a\u0632 \u0627\u0644\u0627\u0633\u062a\u0631\u062e\u0627\u0621\u060c \u0648\u0645\u0633\u0627\u0639\u062f\u062a\u0643 \u0639\u0644\u0649 \u0627\u0644\u062f\u062e\u0648\u0644 \u0641\u064a \u0646\u0648\u0645 \u0639\u0645\u064a\u0642 \u0648\u0645\u0631\u064a\u062d.* \u0627\u0633\u062a\u064a\u0642\u0638 \u0643\u0644 \u0635\u0628\u0627\u062d \u0648\u0623\u0646\u062a \u062a\u0634\u0639\u0631 \u0628\u0627\u0644\u0627\u0646\u062a\u0639\u0627\u0634 \u0648\u0627\u0644\u062d\u064a\u0648\u064a\u0629.<\/p>","protected":false},"featured_media":2998,"comment_status":"open","ping_status":"closed","template":"","meta":[],"product_brand":[239],"product_cat":[15,118,122],"product_tag":[],"class_list":{"0":"post-2997","1":"product","2":"type-product","3":"status-publish","4":"has-post-thumbnail","6":"product_brand-now-food","7":"product_cat-all","8":"product_cat-integrated-health-solutions","9":"product_cat-sleep-improvement-programs","11":"first","12":"instock","13":"shipping-taxable","14":"product-type-external"},"yoast_head":"<!-- This site is optimized with the Yoast SEO plugin v27.5 - https:\/\/yoast.com\/product\/yoast-seo-wordpress\/ -->\n<title>NOW Foods, Sleep, 90 Veg Capsules - Cocktail Basket<\/title>\n<meta name=\"robots\" content=\"index, follow, max-snippet:-1, max-image-preview:large, max-video-preview:-1\" \/>\n<link rel=\"canonical\" href=\"https:\/\/darkslategrey-magpie-783531.hostingersite.com\/product\/now-foods-sleep-90-veg-capsules\/\" \/>\n<meta property=\"og:locale\" content=\"ar_AR\" \/>\n<meta property=\"og:type\" content=\"article\" \/>\n<meta property=\"og:title\" content=\"NOW Foods, Sleep, 90 Veg Capsules - Cocktail Basket\" \/>\n<meta property=\"og:description\" content=\"Experience restful, rejuvenating sleep with NOW\u00ae Sleep, a natural botanical blend formulated to calm the mind and relax the body. This sleep support supplement combines Valerian Root Extract, Hops, Passionflower, and GABA to ease nervous tension, promote relaxation, and help you drift into deep, restorative sleep.* Wake up feeling refreshed and energized every morning.\" \/>\n<meta property=\"og:url\" content=\"https:\/\/darkslategrey-magpie-783531.hostingersite.com\/product\/now-foods-sleep-90-veg-capsules\/\" \/>\n<meta property=\"og:site_name\" content=\"Cocktail Basket\" \/>\n<meta property=\"article:modified_time\" content=\"2026-02-14T09:20:04+00:00\" \/>\n<meta property=\"og:image\" content=\"https:\/\/cocktailbasket.net\/wp-content\/uploads\/2025\/09\/\u0645\u0642\u0627\u0633-\u0635\u0648\u0631\u0647-48.png\" \/>\n\t<meta property=\"og:image:width\" content=\"800\" \/>\n\t<meta property=\"og:image:height\" content=\"800\" \/>\n\t<meta property=\"og:image:type\" content=\"image\/png\" \/>\n<meta name=\"twitter:card\" content=\"summary_large_image\" \/>\n<meta name=\"twitter:label1\" content=\"\u0648\u0642\u062a \u0627\u0644\u0642\u0631\u0627\u0621\u0629 \u0627\u0644\u0645\u064f\u0642\u062f\u0651\u0631\" \/>\n\t<meta name=\"twitter:data1\" content=\"\u062f\u0642\u064a\u0642\u062a\u0627\u0646\" \/>\n<script type=\"application\/ld+json\" class=\"yoast-schema-graph\">{\"@context\":\"https:\\\/\\\/schema.org\",\"@graph\":[{\"@type\":\"WebPage\",\"@id\":\"https:\\\/\\\/darkslategrey-magpie-783531.hostingersite.com\\\/product\\\/now-foods-sleep-90-veg-capsules\\\/\",\"url\":\"https:\\\/\\\/darkslategrey-magpie-783531.hostingersite.com\\\/product\\\/now-foods-sleep-90-veg-capsules\\\/\",\"name\":\"NOW Foods, Sleep, 90 Veg Capsules - Cocktail Basket\",\"isPartOf\":{\"@id\":\"https:\\\/\\\/darkslategrey-magpie-783531.hostingersite.com\\\/#website\"},\"primaryImageOfPage\":{\"@id\":\"https:\\\/\\\/darkslategrey-magpie-783531.hostingersite.com\\\/product\\\/now-foods-sleep-90-veg-capsules\\\/#primaryimage\"},\"image\":{\"@id\":\"https:\\\/\\\/darkslategrey-magpie-783531.hostingersite.com\\\/product\\\/now-foods-sleep-90-veg-capsules\\\/#primaryimage\"},\"thumbnailUrl\":\"https:\\\/\\\/cocktailbasket.net\\\/wp-content\\\/uploads\\\/2025\\\/09\\\/\u0645\u0642\u0627\u0633-\u0635\u0648\u0631\u0647-48.png\",\"datePublished\":\"2025-09-28T22:19:41+00:00\",\"dateModified\":\"2026-02-14T09:20:04+00:00\",\"breadcrumb\":{\"@id\":\"https:\\\/\\\/darkslategrey-magpie-783531.hostingersite.com\\\/product\\\/now-foods-sleep-90-veg-capsules\\\/#breadcrumb\"},\"inLanguage\":\"ar\",\"potentialAction\":[{\"@type\":\"ReadAction\",\"target\":[\"https:\\\/\\\/darkslategrey-magpie-783531.hostingersite.com\\\/product\\\/now-foods-sleep-90-veg-capsules\\\/\"]}]},{\"@type\":\"ImageObject\",\"inLanguage\":\"ar\",\"@id\":\"https:\\\/\\\/darkslategrey-magpie-783531.hostingersite.com\\\/product\\\/now-foods-sleep-90-veg-capsules\\\/#primaryimage\",\"url\":\"https:\\\/\\\/cocktailbasket.net\\\/wp-content\\\/uploads\\\/2025\\\/09\\\/\u0645\u0642\u0627\u0633-\u0635\u0648\u0631\u0647-48.png\",\"contentUrl\":\"https:\\\/\\\/cocktailbasket.net\\\/wp-content\\\/uploads\\\/2025\\\/09\\\/\u0645\u0642\u0627\u0633-\u0635\u0648\u0631\u0647-48.png\",\"width\":800,\"height\":800,\"caption\":\"\u0645\u0646\u062a\u062c\u0627\u062a \u0644\u062a\u062d\u0633\u064a\u0646 \u0645\u0634\u0627\u0643\u0644 \u0627\u0644\u0646\u0648\u0645 \u0639\u0646\u062f \u0627\u0644\u0643\u0628\u0627\u0631\"},{\"@type\":\"BreadcrumbList\",\"@id\":\"https:\\\/\\\/darkslategrey-magpie-783531.hostingersite.com\\\/product\\\/now-foods-sleep-90-veg-capsules\\\/#breadcrumb\",\"itemListElement\":[{\"@type\":\"ListItem\",\"position\":1,\"name\":\"Home\",\"item\":\"https:\\\/\\\/darkslategrey-magpie-783531.hostingersite.com\\\/\"},{\"@type\":\"ListItem\",\"position\":2,\"name\":\"Products\",\"item\":\"https:\\\/\\\/darkslategrey-magpie-783531.hostingersite.com\\\/shop\\\/\"},{\"@type\":\"ListItem\",\"position\":3,\"name\":\"NOW Foods, Sleep, 90 Veg Capsules\"}]},{\"@type\":\"WebSite\",\"@id\":\"https:\\\/\\\/darkslategrey-magpie-783531.hostingersite.com\\\/#website\",\"url\":\"https:\\\/\\\/darkslategrey-magpie-783531.hostingersite.com\\\/\",\"name\":\"Cocktail Basket\",\"description\":\"\",\"publisher\":{\"@id\":\"https:\\\/\\\/darkslategrey-magpie-783531.hostingersite.com\\\/#\\\/schema\\\/person\\\/7229d96197859daac40338d81d23cb8e\"},\"potentialAction\":[{\"@type\":\"SearchAction\",\"target\":{\"@type\":\"EntryPoint\",\"urlTemplate\":\"https:\\\/\\\/darkslategrey-magpie-783531.hostingersite.com\\\/?s={search_term_string}\"},\"query-input\":{\"@type\":\"PropertyValueSpecification\",\"valueRequired\":true,\"valueName\":\"search_term_string\"}}],\"inLanguage\":\"ar\"},{\"@type\":[\"Person\",\"Organization\"],\"@id\":\"https:\\\/\\\/darkslategrey-magpie-783531.hostingersite.com\\\/#\\\/schema\\\/person\\\/7229d96197859daac40338d81d23cb8e\",\"name\":\"admin\",\"image\":{\"@type\":\"ImageObject\",\"inLanguage\":\"ar\",\"@id\":\"https:\\\/\\\/secure.gravatar.com\\\/avatar\\\/d2362f8fbf4eecd71d1f4a2159a930bc1bf43ab9f7fc66de7fd8e3ed46af5022?s=96&d=mm&r=g\",\"url\":\"https:\\\/\\\/secure.gravatar.com\\\/avatar\\\/d2362f8fbf4eecd71d1f4a2159a930bc1bf43ab9f7fc66de7fd8e3ed46af5022?s=96&d=mm&r=g\",\"contentUrl\":\"https:\\\/\\\/secure.gravatar.com\\\/avatar\\\/d2362f8fbf4eecd71d1f4a2159a930bc1bf43ab9f7fc66de7fd8e3ed46af5022?s=96&d=mm&r=g\",\"caption\":\"admin\"},\"logo\":{\"@id\":\"https:\\\/\\\/secure.gravatar.com\\\/avatar\\\/d2362f8fbf4eecd71d1f4a2159a930bc1bf43ab9f7fc66de7fd8e3ed46af5022?s=96&d=mm&r=g\"}}]}<\/script>\n<!-- \/ Yoast SEO plugin. -->","yoast_head_json":{"title":"NOW Foods, Sleep, 90 Veg Capsules - Cocktail Basket","robots":{"index":"index","follow":"follow","max-snippet":"max-snippet:-1","max-image-preview":"max-image-preview:large","max-video-preview":"max-video-preview:-1"},"canonical":"https:\/\/darkslategrey-magpie-783531.hostingersite.com\/product\/now-foods-sleep-90-veg-capsules\/","og_locale":"ar_AR","og_type":"article","og_title":"NOW Foods, Sleep, 90 Veg Capsules - Cocktail Basket","og_description":"Experience restful, rejuvenating sleep with NOW\u00ae Sleep, a natural botanical blend formulated to calm the mind and relax the body. This sleep support supplement combines Valerian Root Extract, Hops, Passionflower, and GABA to ease nervous tension, promote relaxation, and help you drift into deep, restorative sleep.* Wake up feeling refreshed and energized every morning.","og_url":"https:\/\/darkslategrey-magpie-783531.hostingersite.com\/product\/now-foods-sleep-90-veg-capsules\/","og_site_name":"Cocktail Basket","article_modified_time":"2026-02-14T09:20:04+00:00","og_image":[{"width":800,"height":800,"url":"https:\/\/cocktailbasket.net\/wp-content\/uploads\/2025\/09\/\u0645\u0642\u0627\u0633-\u0635\u0648\u0631\u0647-48.png","type":"image\/png"}],"twitter_card":"summary_large_image","twitter_misc":{"\u0648\u0642\u062a \u0627\u0644\u0642\u0631\u0627\u0621\u0629 \u0627\u0644\u0645\u064f\u0642\u062f\u0651\u0631":"\u062f\u0642\u064a\u0642\u062a\u0627\u0646"},"schema":{"@context":"https:\/\/schema.org","@graph":[{"@type":"WebPage","@id":"https:\/\/darkslategrey-magpie-783531.hostingersite.com\/product\/now-foods-sleep-90-veg-capsules\/","url":"https:\/\/darkslategrey-magpie-783531.hostingersite.com\/product\/now-foods-sleep-90-veg-capsules\/","name":"NOW Foods, Sleep, 90 Veg Capsules - Cocktail Basket","isPartOf":{"@id":"https:\/\/darkslategrey-magpie-783531.hostingersite.com\/#website"},"primaryImageOfPage":{"@id":"https:\/\/darkslategrey-magpie-783531.hostingersite.com\/product\/now-foods-sleep-90-veg-capsules\/#primaryimage"},"image":{"@id":"https:\/\/darkslategrey-magpie-783531.hostingersite.com\/product\/now-foods-sleep-90-veg-capsules\/#primaryimage"},"thumbnailUrl":"https:\/\/cocktailbasket.net\/wp-content\/uploads\/2025\/09\/\u0645\u0642\u0627\u0633-\u0635\u0648\u0631\u0647-48.png","datePublished":"2025-09-28T22:19:41+00:00","dateModified":"2026-02-14T09:20:04+00:00","breadcrumb":{"@id":"https:\/\/darkslategrey-magpie-783531.hostingersite.com\/product\/now-foods-sleep-90-veg-capsules\/#breadcrumb"},"inLanguage":"ar","potentialAction":[{"@type":"ReadAction","target":["https:\/\/darkslategrey-magpie-783531.hostingersite.com\/product\/now-foods-sleep-90-veg-capsules\/"]}]},{"@type":"ImageObject","inLanguage":"ar","@id":"https:\/\/darkslategrey-magpie-783531.hostingersite.com\/product\/now-foods-sleep-90-veg-capsules\/#primaryimage","url":"https:\/\/cocktailbasket.net\/wp-content\/uploads\/2025\/09\/\u0645\u0642\u0627\u0633-\u0635\u0648\u0631\u0647-48.png","contentUrl":"https:\/\/cocktailbasket.net\/wp-content\/uploads\/2025\/09\/\u0645\u0642\u0627\u0633-\u0635\u0648\u0631\u0647-48.png","width":800,"height":800,"caption":"\u0645\u0646\u062a\u062c\u0627\u062a \u0644\u062a\u062d\u0633\u064a\u0646 \u0645\u0634\u0627\u0643\u0644 \u0627\u0644\u0646\u0648\u0645 \u0639\u0646\u062f \u0627\u0644\u0643\u0628\u0627\u0631"},{"@type":"BreadcrumbList","@id":"https:\/\/darkslategrey-magpie-783531.hostingersite.com\/product\/now-foods-sleep-90-veg-capsules\/#breadcrumb","itemListElement":[{"@type":"ListItem","position":1,"name":"Home","item":"https:\/\/darkslategrey-magpie-783531.hostingersite.com\/"},{"@type":"ListItem","position":2,"name":"Products","item":"https:\/\/darkslategrey-magpie-783531.hostingersite.com\/shop\/"},{"@type":"ListItem","position":3,"name":"NOW Foods, Sleep, 90 Veg Capsules"}]},{"@type":"WebSite","@id":"https:\/\/darkslategrey-magpie-783531.hostingersite.com\/#website","url":"https:\/\/darkslategrey-magpie-783531.hostingersite.com\/","name":"\u0643\u0648\u0643\u062a\u064a\u0644 \u0628\u0627\u0633\u0643\u064a\u062a","description":"","publisher":{"@id":"https:\/\/darkslategrey-magpie-783531.hostingersite.com\/#\/schema\/person\/7229d96197859daac40338d81d23cb8e"},"potentialAction":[{"@type":"SearchAction","target":{"@type":"EntryPoint","urlTemplate":"https:\/\/darkslategrey-magpie-783531.hostingersite.com\/?s={search_term_string}"},"query-input":{"@type":"PropertyValueSpecification","valueRequired":true,"valueName":"search_term_string"}}],"inLanguage":"ar"},{"@type":["Person","Organization"],"@id":"https:\/\/darkslategrey-magpie-783531.hostingersite.com\/#\/schema\/person\/7229d96197859daac40338d81d23cb8e","name":"admin","image":{"@type":"ImageObject","inLanguage":"ar","@id":"https:\/\/secure.gravatar.com\/avatar\/d2362f8fbf4eecd71d1f4a2159a930bc1bf43ab9f7fc66de7fd8e3ed46af5022?s=96&d=mm&r=g","url":"https:\/\/secure.gravatar.com\/avatar\/d2362f8fbf4eecd71d1f4a2159a930bc1bf43ab9f7fc66de7fd8e3ed46af5022?s=96&d=mm&r=g","contentUrl":"https:\/\/secure.gravatar.com\/avatar\/d2362f8fbf4eecd71d1f4a2159a930bc1bf43ab9f7fc66de7fd8e3ed46af5022?s=96&d=mm&r=g","caption":"admin"},"logo":{"@id":"https:\/\/secure.gravatar.com\/avatar\/d2362f8fbf4eecd71d1f4a2159a930bc1bf43ab9f7fc66de7fd8e3ed46af5022?s=96&d=mm&r=g"}}]}},"_links":{"self":[{"href":"https:\/\/cocktailbasket.net\/ar\/wp-json\/wp\/v2\/product\/2997","targetHints":{"allow":["GET"]}}],"collection":[{"href":"https:\/\/cocktailbasket.net\/ar\/wp-json\/wp\/v2\/product"}],"about":[{"href":"https:\/\/cocktailbasket.net\/ar\/wp-json\/wp\/v2\/types\/product"}],"replies":[{"embeddable":true,"href":"https:\/\/cocktailbasket.net\/ar\/wp-json\/wp\/v2\/comments?post=2997"}],"version-history":[{"count":1,"href":"https:\/\/cocktailbasket.net\/ar\/wp-json\/wp\/v2\/product\/2997\/revisions"}],"predecessor-version":[{"id":2999,"href":"https:\/\/cocktailbasket.net\/ar\/wp-json\/wp\/v2\/product\/2997\/revisions\/2999"}],"wp:featuredmedia":[{"embeddable":true,"href":"https:\/\/cocktailbasket.net\/ar\/wp-json\/wp\/v2\/media\/2998"}],"wp:attachment":[{"href":"https:\/\/cocktailbasket.net\/ar\/wp-json\/wp\/v2\/media?parent=2997"}],"wp:term":[{"taxonomy":"product_brand","embeddable":true,"href":"https:\/\/cocktailbasket.net\/ar\/wp-json\/wp\/v2\/product_brand?post=2997"},{"taxonomy":"product_cat","embeddable":true,"href":"https:\/\/cocktailbasket.net\/ar\/wp-json\/wp\/v2\/product_cat?post=2997"},{"taxonomy":"product_tag","embeddable":true,"href":"https:\/\/cocktailbasket.net\/ar\/wp-json\/wp\/v2\/product_tag?post=2997"}],"curies":[{"name":"wp","href":"https:\/\/api.w.org\/{rel}","templated":true}]}}