{"id":2743,"date":"2025-09-13T12:36:50","date_gmt":"2025-09-13T12:36:50","guid":{"rendered":"https:\/\/cocktailbasket.net\/?post_type=product&#038;p=2743"},"modified":"2025-11-25T23:12:36","modified_gmt":"2025-11-25T23:12:36","slug":"country-life-magnesium-citrate-120-tablets","status":"publish","type":"product","link":"https:\/\/cocktailbasket.net\/ar\/product\/country-life-magnesium-citrate-120-tablets\/","title":{"rendered":"\u0643\u0648\u0646\u062a\u0631\u064a \u0644\u0627\u064a\u0641\u060c \u0633\u062a\u0631\u0627\u062a \u0627\u0644\u0645\u063a\u0646\u064a\u0633\u064a\u0648\u0645\u060c 120 \u0642\u0631\u0635"},"content":{"rendered":"<h2 data-start=\"270\" data-end=\"294\">\u0648\u0635\u0641 \u0627\u0644\u0645\u0646\u062a\u062c<\/h2>\n<p data-start=\"295\" data-end=\"775\" class=\"translation-block\">\ud83d\udc8a \u0645\u0643\u0645\u0644 \u0627\u0644\u0645\u063a\u0646\u064a\u0633\u064a\u0648\u0645 \u2013 250 \u0645\u0644\u063a \u0644\u0643\u0644 \u062c\u0631\u0639\u0629 | \u062e\u0627\u0644\u064d \u0645\u0646 \u0627\u0644\u063a\u0644\u0648\u062a\u064a\u0646\u060c \u0646\u0628\u0627\u062a\u064a\u060c \u062d\u0627\u0635\u0644 \u0639\u0644\u0649 \u0634\u0647\u0627\u062f\u0629 \u0627\u0644\u062d\u0644\u0627\u0644\n\n\u0627\u062f\u0639\u0645 \u0627\u0633\u062a\u0631\u062e\u0627\u0621 \u0639\u0636\u0644\u0627\u062a\u0643\u060c \u0648\u0635\u062d\u0629 \u0639\u0638\u0627\u0645\u0643\u060c \u0648\u0648\u0638\u0627\u0626\u0641 \u0642\u0644\u0628\u0643\u060c \u0648\u0625\u0646\u062a\u0627\u062c \u0627\u0644\u0637\u0627\u0642\u0629 \u0641\u064a \u062c\u0633\u0645\u0643 \u0628\u0627\u0633\u062a\u062e\u062f\u0627\u0645 \u0623\u0642\u0631\u0627\u0635 \u0627\u0644\u0645\u063a\u0646\u064a\u0633\u064a\u0648\u0645 \u0639\u0627\u0644\u064a\u0629 \u0627\u0644\u062c\u0648\u062f\u0629. \u064a\u064f\u0639\u062f \u0627\u0644\u0645\u063a\u0646\u064a\u0633\u064a\u0648\u0645 \u0645\u0646 \u0623\u0647\u0645 \u0627\u0644\u0645\u0639\u0627\u062f\u0646 \u0627\u0644\u0623\u0633\u0627\u0633\u064a\u0629 \u0641\u064a \u0627\u0644\u062c\u0633\u0645\u060c \u062d\u064a\u062b \u064a\u0634\u0627\u0631\u0643 \u0641\u064a \u0623\u0643\u062b\u0631 \u0645\u0646 300 \u062a\u0641\u0627\u0639\u0644 \u0643\u064a\u0645\u064a\u0627\u0626\u064a \u062d\u064a\u0648\u064a. \u0648\u062a\u0634\u064a\u0631 \u0627\u0644\u0623\u0628\u062d\u0627\u062b \u0625\u0644\u0649 \u0623\u0646 \u0646\u0635\u0641 \u0627\u0644\u0623\u0645\u0631\u064a\u0643\u064a\u064a\u0646 \u0644\u0627 \u064a\u062d\u0635\u0644\u0648\u0646 \u0639\u0644\u0649 \u0643\u0645\u064a\u0629 \u0643\u0627\u0641\u064a\u0629 \u0645\u0646 \u0627\u0644\u0645\u063a\u0646\u064a\u0633\u064a\u0648\u0645\u060c \u0645\u0645\u0627 \u064a\u062c\u0639\u0644 \u0627\u0644\u0645\u0643\u0645\u0644\u0627\u062a \u0627\u0644\u064a\u0648\u0645\u064a\u0629 \u0636\u0631\u0648\u0631\u064a\u0629 \u0644\u0644\u0635\u062d\u0629 \u0627\u0644\u0639\u0627\u0645\u0629.<\/p>\n<p data-start=\"777\" data-end=\"885\" class=\"translation-block\">\u062a\u0631\u0643\u064a\u0628\u062a\u0646\u0627 \u0645\u0635\u0645\u0645\u0629 \u0628\u0639\u0646\u0627\u064a\u0629 \u0644\u0636\u0645\u0627\u0646 \u0627\u0644\u0646\u0642\u0627\u0621 \u0648\u0633\u0647\u0648\u0644\u0629 \u0627\u0644\u0627\u0645\u062a\u0635\u0627\u0635\u060c \u0645\u0639 \u062c\u0631\u0639\u0629 \u0645\u0631\u064a\u062d\u0629 \u0645\u0646 \u0642\u0631\u0635\u064a\u0646 \u0641\u0642\u0637 \u064a\u0648\u0645\u064a\u064b\u0627.<\/p>\n<p data-start=\"777\" data-end=\"885\"><img decoding=\"async\" src=\"https:\/\/m.media-amazon.com\/images\/I\/71tEiI9ZKEL._UF894,1000_QL80_.jpg\" alt=\"Amazon.com: Country Life Citrato de magnesio 250 mg - 120 tabletas - Apoya la funci\u00f3n muscular y nerviosa, ritmo card\u00edaco, sistema inmunol\u00f3gico saludable, producci\u00f3n de energ\u00eda - Suplemento complejo de magnesio : Salud y Hogar\" \/><\/p>\n<h3 data-start=\"887\" data-end=\"929\">\u2705 \u0644\u0645\u0627\u0630\u0627 \u062a\u062e\u062a\u0627\u0631 \u0645\u0643\u0645\u0644 \u0627\u0644\u0645\u063a\u0646\u064a\u0633\u064a\u0648\u0645 \u0645\u0646 \u0643\u0648\u0646\u062a\u0631\u064a \u0644\u0627\u064a\u0641\u061f<\/h3>\n<ul data-start=\"930\" data-end=\"1310\">\n<li data-start=\"930\" data-end=\"973\">\n<p data-start=\"932\" data-end=\"973\" class=\"translation-block\">- \u062d\u0627\u0635\u0644 \u0639\u0644\u0649 \u0634\u0647\u0627\u062f\u0629 \u062e\u0644\u0648 \u0645\u0646 \u0627\u0644\u063a\u0644\u0648\u062a\u064a\u0646 \u0645\u0646 GFCO.org<\/p>\n<\/li>\n<li data-start=\"974\" data-end=\"1038\">\n<p data-start=\"976\" data-end=\"1038\" class=\"translation-block\">- \u0646\u0628\u0627\u062a\u064a \u0645\u0639\u062a\u0645\u062f \u0645\u0646 \u0627\u0644\u062c\u0645\u0639\u064a\u0629 \u0627\u0644\u0646\u0628\u0627\u062a\u064a\u0629 \u0627\u0644\u0623\u0645\u0631\u064a\u0643\u064a\u0629<\/p>\n<\/li>\n<li data-start=\"1039\" data-end=\"1074\">\n<p data-start=\"1041\" data-end=\"1074\" class=\"translation-block\">- \u062d\u0627\u0635\u0644 \u0639\u0644\u0649 \u0634\u0647\u0627\u062f\u0629 \u0627\u0644\u062d\u0644\u0627\u0644 \u0645\u0646 IFANCA<\/p>\n<\/li>\n<li data-start=\"1075\" data-end=\"1097\">\n<p data-start=\"1077\" data-end=\"1097\" class=\"translation-block\">- \u062d\u0627\u0635\u0644 \u0639\u0644\u0649 \u0634\u0647\u0627\u062f\u0629 \u0627\u0644\u0643\u0648\u0634\u064a\u0631 (\u0628\u0627\u0631\u0641)<\/p>\n<\/li>\n<li data-start=\"1098\" data-end=\"1149\">\n<p data-start=\"1100\" data-end=\"1149\" class=\"translation-block\">- \u0645\u064f\u0635\u0646\u0651\u0639 \u0641\u064a \u0645\u0646\u0634\u0623\u0629 \u0645\u0633\u062c\u0644\u0629 \u0648\u0641\u0642\u064b\u0627 \u0644\u0645\u0645\u0627\u0631\u0633\u0627\u062a \u0627\u0644\u062a\u0635\u0646\u064a\u0639 \u0627\u0644\u062c\u064a\u062f\u0629 (GMP)<\/p>\n<\/li>\n<li data-start=\"1150\" data-end=\"1206\">\n<p data-start=\"1152\" data-end=\"1206\" class=\"translation-block\">- \u0645\u064f\u0639\u0628\u0623 \u0628\u0645\u0648\u0627\u062f \u0642\u0627\u0628\u0644\u0629 \u0644\u0625\u0639\u0627\u062f\u0629 \u0627\u0644\u062a\u062f\u0648\u064a\u0631 \u0648\u0635\u062f\u064a\u0642\u0629 \u0644\u0644\u0628\u064a\u0626\u0629<\/p>\n<\/li>\n<li data-start=\"1207\" data-end=\"1310\">\n<p data-start=\"1209\" data-end=\"1310\">- \u274c \u0644\u0627 \u064a\u062d\u062a\u0648\u064a \u0639\u0644\u0649: \u0627\u0644\u062e\u0645\u064a\u0631\u0629\u060c \u0627\u0644\u0642\u0645\u062d\u060c \u0627\u0644\u0635\u0648\u064a\u0627\u060c \u0627\u0644\u062d\u0644\u064a\u0628\u060c \u0627\u0644\u0633\u0643\u0631\u060c \u0627\u0644\u0645\u0644\u062d\u060c \u0627\u0644\u0645\u0648\u0627\u062f \u0627\u0644\u062d\u0627\u0641\u0638\u0629\u060c \u0627\u0644\u0623\u0644\u0648\u0627\u0646 \u0623\u0648 \u0627\u0644\u0646\u0643\u0647\u0627\u062a \u0623\u0648 \u0627\u0644\u0645\u064f\u062d\u0644\u064a\u0627\u062a \u0627\u0644\u0635\u0646\u0627\u0639\u064a\u0629<\/p>\n<\/li>\n<\/ul>\n<h3 data-start=\"1312\" data-end=\"1351\">\ud83c\udf3f \u0627\u0644\u0641\u0648\u0627\u0626\u062f \u0627\u0644\u0631\u0626\u064a\u0633\u064a\u0629 \u0644\u0623\u0642\u0631\u0627\u0635 \u0627\u0644\u0645\u063a\u0646\u064a\u0633\u064a\u0648\u0645<\/h3>\n<ul data-start=\"1352\" data-end=\"1591\">\n<li data-start=\"1352\" data-end=\"1405\">\n<p data-start=\"1354\" data-end=\"1405\" class=\"translation-block\">- \u064a\u0639\u0632\u0632 \u0627\u0633\u062a\u0631\u062e\u0627\u0621 \u0627\u0644\u0639\u0636\u0644\u0627\u062a \u0648\u0648\u0638\u0627\u0626\u0641 \u0627\u0644\u0623\u0639\u0635\u0627\u0628<\/p>\n<\/li>\n<li data-start=\"1406\" data-end=\"1445\">\n<p data-start=\"1408\" data-end=\"1445\" class=\"translation-block\">- \u064a\u062f\u0639\u0645 \u0642\u0648\u0629 \u0627\u0644\u0639\u0638\u0627\u0645 \u0648\u0627\u0644\u0623\u0633\u0646\u0627\u0646<\/p>\n<\/li>\n<li data-start=\"1446\" data-end=\"1490\">\n<p data-start=\"1448\" data-end=\"1490\" class=\"translation-block\">- \u064a\u0633\u0627\u0639\u062f \u0641\u064a \u0627\u0644\u062d\u0641\u0627\u0638 \u0639\u0644\u0649 \u0627\u0646\u062a\u0638\u0627\u0645 \u0636\u0631\u0628\u0627\u062a \u0627\u0644\u0642\u0644\u0628<\/p>\n<\/li>\n<li data-start=\"1491\" data-end=\"1541\">\n<p data-start=\"1493\" data-end=\"1541\" class=\"translation-block\">- \u064a\u0639\u0632\u0632 \u062c\u0647\u0627\u0632 \u0627\u0644\u0645\u0646\u0627\u0639\u0629 \u0648\u0625\u0646\u062a\u0627\u062c \u0627\u0644\u0637\u0627\u0642\u0629<\/p>\n<\/li>\n<li data-start=\"1542\" data-end=\"1591\">\n<p data-start=\"1544\" data-end=\"1591\" class=\"translation-block\">- \u0645\u062b\u0627\u0644\u064a \u0644\u0644\u0623\u0646\u0638\u0645\u0629 \u0627\u0644\u0646\u0628\u0627\u062a\u064a\u0629\u060c \u0627\u0644\u062d\u0644\u0627\u0644\u060c \u0648\u0627\u0644\u0643\u0648\u0634\u064a\u0631<\/p>\n<\/li>\n<\/ul>\n<h3 data-start=\"1593\" data-end=\"1612\">\u0637\u0631\u064a\u0642\u0629 \u0627\u0644\u0627\u0633\u062a\u062e\u062f\u0627\u0645 \u0627\u0644\u0645\u0642\u062a\u0631\u062d\u0629<\/h3>\n<p data-start=\"1613\" data-end=\"1735\" class=\"translation-block\">\u064a\u062a\u0646\u0627\u0648\u0644 \u0627\u0644\u0628\u0627\u0644\u063a\u0648\u0646 \u0642\u0631\u0635\u064a\u0646 \u064a\u0648\u0645\u064a\u064b\u0627 \u0645\u0639 \u0648\u062c\u0628\u0629 \u0627\u0644\u0637\u0639\u0627\u0645\u060c \u0623\u0648 \u062d\u0633\u0628 \u062a\u0648\u062c\u064a\u0647\u0627\u062a \u0623\u062e\u0635\u0627\u0626\u064a \u0627\u0644\u0631\u0639\u0627\u064a\u0629 \u0627\u0644\u0635\u062d\u064a\u0629. \u0644\u0627 \u062a\u062a\u062c\u0627\u0648\u0632 \u0627\u0644\u062c\u0631\u0639\u0629 \u0627\u0644\u0645\u0648\u0635\u0649 \u0628\u0647\u0627.<\/p>\n<h3 data-start=\"1737\" data-end=\"1754\">\u0627\u0644\u0645\u0643\u0648\u0646\u0627\u062a<\/h3>\n<p data-start=\"1755\" data-end=\"1877\">\u0633\u064a\u0644\u0648\u0644\u0648\u0632\u060c \u0641\u0648\u0633\u0641\u0627\u062a \u062b\u0646\u0627\u0626\u064a \u0627\u0644\u0643\u0627\u0644\u0633\u064a\u0648\u0645\u060c \u062d\u0645\u0636 \u0627\u0644\u0633\u062a\u064a\u0631\u064a\u0643\u060c \u062a\u063a\u0644\u064a\u0641 \u0645\u0646 \u0627\u0644\u0633\u064a\u0644\u0648\u0644\u0648\u0632 \u0648\u0627\u0644\u062c\u0644\u0633\u0631\u064a\u0646\u060c \u0633\u062a\u064a\u0631\u0627\u062a \u0627\u0644\u0645\u063a\u0646\u064a\u0633\u064a\u0648\u0645\u060c \u0627\u0644\u0633\u064a\u0644\u064a\u0643\u0627\u060c \u0637\u0644\u0627\u0621 \u0646\u0628\u0627\u062a\u064a.<\/p>\n<h3 data-start=\"1879\" data-end=\"1893\">\u062a\u062d\u0630\u064a\u0631\u0627\u062a<\/h3>\n<ul data-start=\"1894\" data-end=\"2104\">\n<li data-start=\"1894\" data-end=\"1984\">\n<p data-start=\"1896\" data-end=\"1984\">- \u0627\u0633\u062a\u0634\u0631 \u0637\u0628\u064a\u0628\u0643 \u0625\u0630\u0627 \u0643\u0646\u062a\u0650 \u062d\u0627\u0645\u0644\u064b\u0627\u060c \u0645\u0631\u0636\u0639\u0629\u060c \u062a\u062a\u0646\u0627\u0648\u0644 \u0623\u062f\u0648\u064a\u0629\u060c \u0623\u0648 \u062a\u0633\u062a\u0639\u062f \u0644\u0625\u062c\u0631\u0627\u0621 \u0639\u0645\u0644\u064a\u0629 \u062c\u0631\u0627\u062d\u064a\u0629.<\/p>\n<\/li>\n<li data-start=\"1985\" data-end=\"2036\">\n<p data-start=\"1987\" data-end=\"2036\">- \u062a\u0648\u0642\u0641 \u0639\u0646 \u0627\u0644\u0627\u0633\u062a\u062e\u062f\u0627\u0645 \u0641\u064a \u062d\u0627\u0644 \u062d\u062f\u0648\u062b \u0623\u064a \u0623\u0639\u0631\u0627\u0636 \u062c\u0627\u0646\u0628\u064a\u0629<\/p>\n<\/li>\n<li data-start=\"2037\" data-end=\"2104\">\n<p data-start=\"2039\" data-end=\"2104\">- \u064a\u064f\u062d\u0641\u0638 \u0628\u0639\u064a\u062f\u064b\u0627 \u0639\u0646 \u0645\u062a\u0646\u0627\u0648\u0644 \u0627\u0644\u0623\u0637\u0641\u0627\u0644. \u064a\u064f\u062e\u0632\u0646 \u0641\u064a \u0645\u0643\u0627\u0646 \u062c\u0627\u0641 \u0628\u062f\u0631\u062c\u0629 \u062d\u0631\u0627\u0631\u0629 \u0628\u064a\u0646 15\u00b0\u201330\u00b0C.<\/p>\n<\/li>\n<\/ul>","protected":false},"excerpt":{"rendered":"<p class=\"translation-block\">\ud83d\udc8a \u0645\u0643\u0645\u0644 \u0627\u0644\u0645\u063a\u0646\u064a\u0633\u064a\u0648\u0645 \u2013 250 \u0645\u0644\u063a \u0644\u0643\u0644 \u062c\u0631\u0639\u0629 | \u062e\u0627\u0644\u064d \u0645\u0646 \u0627\u0644\u063a\u0644\u0648\u062a\u064a\u0646\u060c \u0646\u0628\u0627\u062a\u064a\u060c \u062d\u0627\u0635\u0644 \u0639\u0644\u0649 \u0634\u0647\u0627\u062f\u0629 \u0627\u0644\u062d\u0644\u0627\u0644\n\n\u0627\u062f\u0639\u0645 \u0627\u0633\u062a\u0631\u062e\u0627\u0621 \u0639\u0636\u0644\u0627\u062a\u0643\u060c \u0648\u0635\u062d\u0629 \u0639\u0638\u0627\u0645\u0643\u060c \u0648\u0648\u0638\u0627\u0626\u0641 \u0642\u0644\u0628\u0643\u060c \u0648\u0625\u0646\u062a\u0627\u062c \u0627\u0644\u0637\u0627\u0642\u0629 \u0641\u064a \u062c\u0633\u0645\u0643 \u0628\u0627\u0633\u062a\u062e\u062f\u0627\u0645 \u0623\u0642\u0631\u0627\u0635 \u0627\u0644\u0645\u063a\u0646\u064a\u0633\u064a\u0648\u0645 \u0639\u0627\u0644\u064a\u0629 \u0627\u0644\u062c\u0648\u062f\u0629. \u064a\u064f\u0639\u062f \u0627\u0644\u0645\u063a\u0646\u064a\u0633\u064a\u0648\u0645 \u0645\u0646 \u0623\u0647\u0645 \u0627\u0644\u0645\u0639\u0627\u062f\u0646 \u0627\u0644\u0623\u0633\u0627\u0633\u064a\u0629 \u0641\u064a \u0627\u0644\u062c\u0633\u0645\u060c \u062d\u064a\u062b \u064a\u0634\u0627\u0631\u0643 \u0641\u064a \u0623\u0643\u062b\u0631 \u0645\u0646 300 \u062a\u0641\u0627\u0639\u0644 \u0643\u064a\u0645\u064a\u0627\u0626\u064a \u062d\u064a\u0648\u064a. \u0648\u062a\u0634\u064a\u0631 \u0627\u0644\u0623\u0628\u062d\u0627\u062b \u0625\u0644\u0649 \u0623\u0646 \u0646\u0635\u0641 \u0627\u0644\u0623\u0645\u0631\u064a\u0643\u064a\u064a\u0646 \u0644\u0627 \u064a\u062d\u0635\u0644\u0648\u0646 \u0639\u0644\u0649 \u0643\u0645\u064a\u0629 \u0643\u0627\u0641\u064a\u0629 \u0645\u0646 \u0627\u0644\u0645\u063a\u0646\u064a\u0633\u064a\u0648\u0645\u060c \u0645\u0645\u0627 \u064a\u062c\u0639\u0644 \u0627\u0644\u0645\u0643\u0645\u0644\u0627\u062a \u0627\u0644\u064a\u0648\u0645\u064a\u0629 \u0636\u0631\u0648\u0631\u064a\u0629 \u0644\u0644\u0635\u062d\u0629 \u0627\u0644\u0639\u0627\u0645\u0629.<\/p>","protected":false},"featured_media":2748,"comment_status":"open","ping_status":"closed","template":"","meta":[],"product_brand":[236],"product_cat":[15,107,108],"product_tag":[],"class_list":{"0":"post-2743","1":"product","2":"type-product","3":"status-publish","4":"has-post-thumbnail","6":"product_brand-country-life","7":"product_cat-all","8":"product_cat-nutritional-supplements","9":"product_cat-vitamins-and-minerals-supplements","11":"first","12":"instock","13":"sale","14":"shipping-taxable","15":"product-type-external"},"yoast_head":"<!-- This site is optimized with the Yoast SEO plugin v27.5 - https:\/\/yoast.com\/product\/yoast-seo-wordpress\/ -->\n<title>Country Life, Magnesium Citrate, 120 Tablets - Cocktail Basket<\/title>\n<meta name=\"robots\" content=\"index, follow, max-snippet:-1, max-image-preview:large, max-video-preview:-1\" \/>\n<link rel=\"canonical\" href=\"https:\/\/cocktailbasket.net\/ar\/product\/country-life-magnesium-citrate-120-tablets\/\" \/>\n<meta property=\"og:locale\" content=\"ar_AR\" \/>\n<meta property=\"og:type\" content=\"article\" \/>\n<meta property=\"og:title\" content=\"Country Life, Magnesium Citrate, 120 Tablets - Cocktail Basket\" \/>\n<meta property=\"og:description\" content=\"Magnesium Supplement \u2013 250 mg Per Serving | Gluten Free, Vegan, Halal CertifiedSupport your muscle relaxation, bone health, heart function, and energy production with our high-quality Magnesium tablets. Magnesium is one of the most essential minerals in the body, required for over 300 biochemical reactions. Unfortunately, research shows that 1 in 2 Americans have inadequate magnesium intake, making daily supplementation important for overall wellness.\" \/>\n<meta property=\"og:url\" content=\"https:\/\/cocktailbasket.net\/ar\/product\/country-life-magnesium-citrate-120-tablets\/\" \/>\n<meta property=\"og:site_name\" content=\"Cocktail Basket\" \/>\n<meta property=\"article:modified_time\" content=\"2025-11-25T23:12:36+00:00\" \/>\n<meta property=\"og:image\" content=\"https:\/\/cocktailbasket.net\/wp-content\/uploads\/2025\/09\/61fME19MufL._UF8941000_QL80_.jpg\" \/>\n\t<meta property=\"og:image:width\" content=\"894\" \/>\n\t<meta property=\"og:image:height\" content=\"894\" \/>\n\t<meta property=\"og:image:type\" content=\"image\/jpeg\" \/>\n<meta name=\"twitter:card\" content=\"summary_large_image\" \/>\n<meta name=\"twitter:label1\" content=\"\u0648\u0642\u062a \u0627\u0644\u0642\u0631\u0627\u0621\u0629 \u0627\u0644\u0645\u064f\u0642\u062f\u0651\u0631\" \/>\n\t<meta name=\"twitter:data1\" content=\"\u062f\u0642\u064a\u0642\u062a\u0627\u0646\" \/>\n<script type=\"application\/ld+json\" class=\"yoast-schema-graph\">{\"@context\":\"https:\\\/\\\/schema.org\",\"@graph\":[{\"@type\":\"WebPage\",\"@id\":\"https:\\\/\\\/cocktailbasket.net\\\/product\\\/country-life-magnesium-citrate-120-tablets\\\/\",\"url\":\"https:\\\/\\\/cocktailbasket.net\\\/product\\\/country-life-magnesium-citrate-120-tablets\\\/\",\"name\":\"Country Life, Magnesium Citrate, 120 Tablets - Cocktail Basket\",\"isPartOf\":{\"@id\":\"https:\\\/\\\/darkslategrey-magpie-783531.hostingersite.com\\\/#website\"},\"primaryImageOfPage\":{\"@id\":\"https:\\\/\\\/cocktailbasket.net\\\/product\\\/country-life-magnesium-citrate-120-tablets\\\/#primaryimage\"},\"image\":{\"@id\":\"https:\\\/\\\/cocktailbasket.net\\\/product\\\/country-life-magnesium-citrate-120-tablets\\\/#primaryimage\"},\"thumbnailUrl\":\"https:\\\/\\\/cocktailbasket.net\\\/wp-content\\\/uploads\\\/2025\\\/09\\\/61fME19MufL._UF8941000_QL80_.jpg\",\"datePublished\":\"2025-09-13T12:36:50+00:00\",\"dateModified\":\"2025-11-25T23:12:36+00:00\",\"breadcrumb\":{\"@id\":\"https:\\\/\\\/cocktailbasket.net\\\/product\\\/country-life-magnesium-citrate-120-tablets\\\/#breadcrumb\"},\"inLanguage\":\"ar\",\"potentialAction\":[{\"@type\":\"ReadAction\",\"target\":[\"https:\\\/\\\/cocktailbasket.net\\\/product\\\/country-life-magnesium-citrate-120-tablets\\\/\"]}]},{\"@type\":\"ImageObject\",\"inLanguage\":\"ar\",\"@id\":\"https:\\\/\\\/cocktailbasket.net\\\/product\\\/country-life-magnesium-citrate-120-tablets\\\/#primaryimage\",\"url\":\"https:\\\/\\\/cocktailbasket.net\\\/wp-content\\\/uploads\\\/2025\\\/09\\\/61fME19MufL._UF8941000_QL80_.jpg\",\"contentUrl\":\"https:\\\/\\\/cocktailbasket.net\\\/wp-content\\\/uploads\\\/2025\\\/09\\\/61fME19MufL._UF8941000_QL80_.jpg\",\"width\":894,\"height\":894},{\"@type\":\"BreadcrumbList\",\"@id\":\"https:\\\/\\\/cocktailbasket.net\\\/product\\\/country-life-magnesium-citrate-120-tablets\\\/#breadcrumb\",\"itemListElement\":[{\"@type\":\"ListItem\",\"position\":1,\"name\":\"Home\",\"item\":\"https:\\\/\\\/darkslategrey-magpie-783531.hostingersite.com\\\/\"},{\"@type\":\"ListItem\",\"position\":2,\"name\":\"Products\",\"item\":\"https:\\\/\\\/darkslategrey-magpie-783531.hostingersite.com\\\/shop\\\/\"},{\"@type\":\"ListItem\",\"position\":3,\"name\":\"Country Life, Magnesium Citrate, 120 Tablets\"}]},{\"@type\":\"WebSite\",\"@id\":\"https:\\\/\\\/darkslategrey-magpie-783531.hostingersite.com\\\/#website\",\"url\":\"https:\\\/\\\/darkslategrey-magpie-783531.hostingersite.com\\\/\",\"name\":\"Cocktail Basket\",\"description\":\"\",\"publisher\":{\"@id\":\"https:\\\/\\\/darkslategrey-magpie-783531.hostingersite.com\\\/#\\\/schema\\\/person\\\/7229d96197859daac40338d81d23cb8e\"},\"potentialAction\":[{\"@type\":\"SearchAction\",\"target\":{\"@type\":\"EntryPoint\",\"urlTemplate\":\"https:\\\/\\\/darkslategrey-magpie-783531.hostingersite.com\\\/?s={search_term_string}\"},\"query-input\":{\"@type\":\"PropertyValueSpecification\",\"valueRequired\":true,\"valueName\":\"search_term_string\"}}],\"inLanguage\":\"ar\"},{\"@type\":[\"Person\",\"Organization\"],\"@id\":\"https:\\\/\\\/darkslategrey-magpie-783531.hostingersite.com\\\/#\\\/schema\\\/person\\\/7229d96197859daac40338d81d23cb8e\",\"name\":\"admin\",\"image\":{\"@type\":\"ImageObject\",\"inLanguage\":\"ar\",\"@id\":\"https:\\\/\\\/secure.gravatar.com\\\/avatar\\\/d2362f8fbf4eecd71d1f4a2159a930bc1bf43ab9f7fc66de7fd8e3ed46af5022?s=96&d=mm&r=g\",\"url\":\"https:\\\/\\\/secure.gravatar.com\\\/avatar\\\/d2362f8fbf4eecd71d1f4a2159a930bc1bf43ab9f7fc66de7fd8e3ed46af5022?s=96&d=mm&r=g\",\"contentUrl\":\"https:\\\/\\\/secure.gravatar.com\\\/avatar\\\/d2362f8fbf4eecd71d1f4a2159a930bc1bf43ab9f7fc66de7fd8e3ed46af5022?s=96&d=mm&r=g\",\"caption\":\"admin\"},\"logo\":{\"@id\":\"https:\\\/\\\/secure.gravatar.com\\\/avatar\\\/d2362f8fbf4eecd71d1f4a2159a930bc1bf43ab9f7fc66de7fd8e3ed46af5022?s=96&d=mm&r=g\"}}]}<\/script>\n<!-- \/ Yoast SEO plugin. -->","yoast_head_json":{"title":"Country Life, Magnesium Citrate, 120 Tablets - Cocktail Basket","robots":{"index":"index","follow":"follow","max-snippet":"max-snippet:-1","max-image-preview":"max-image-preview:large","max-video-preview":"max-video-preview:-1"},"canonical":"https:\/\/cocktailbasket.net\/ar\/product\/country-life-magnesium-citrate-120-tablets\/","og_locale":"ar_AR","og_type":"article","og_title":"Country Life, Magnesium Citrate, 120 Tablets - Cocktail Basket","og_description":"Magnesium Supplement \u2013 250 mg Per Serving | Gluten Free, Vegan, Halal CertifiedSupport your muscle relaxation, bone health, heart function, and energy production with our high-quality Magnesium tablets. Magnesium is one of the most essential minerals in the body, required for over 300 biochemical reactions. Unfortunately, research shows that 1 in 2 Americans have inadequate magnesium intake, making daily supplementation important for overall wellness.","og_url":"https:\/\/cocktailbasket.net\/ar\/product\/country-life-magnesium-citrate-120-tablets\/","og_site_name":"Cocktail Basket","article_modified_time":"2025-11-25T23:12:36+00:00","og_image":[{"width":894,"height":894,"url":"https:\/\/cocktailbasket.net\/wp-content\/uploads\/2025\/09\/61fME19MufL._UF8941000_QL80_.jpg","type":"image\/jpeg"}],"twitter_card":"summary_large_image","twitter_misc":{"\u0648\u0642\u062a \u0627\u0644\u0642\u0631\u0627\u0621\u0629 \u0627\u0644\u0645\u064f\u0642\u062f\u0651\u0631":"\u062f\u0642\u064a\u0642\u062a\u0627\u0646"},"schema":{"@context":"https:\/\/schema.org","@graph":[{"@type":"WebPage","@id":"https:\/\/cocktailbasket.net\/product\/country-life-magnesium-citrate-120-tablets\/","url":"https:\/\/cocktailbasket.net\/product\/country-life-magnesium-citrate-120-tablets\/","name":"Country Life, Magnesium Citrate, 120 Tablets - Cocktail Basket","isPartOf":{"@id":"https:\/\/darkslategrey-magpie-783531.hostingersite.com\/#website"},"primaryImageOfPage":{"@id":"https:\/\/cocktailbasket.net\/product\/country-life-magnesium-citrate-120-tablets\/#primaryimage"},"image":{"@id":"https:\/\/cocktailbasket.net\/product\/country-life-magnesium-citrate-120-tablets\/#primaryimage"},"thumbnailUrl":"https:\/\/cocktailbasket.net\/wp-content\/uploads\/2025\/09\/61fME19MufL._UF8941000_QL80_.jpg","datePublished":"2025-09-13T12:36:50+00:00","dateModified":"2025-11-25T23:12:36+00:00","breadcrumb":{"@id":"https:\/\/cocktailbasket.net\/product\/country-life-magnesium-citrate-120-tablets\/#breadcrumb"},"inLanguage":"ar","potentialAction":[{"@type":"ReadAction","target":["https:\/\/cocktailbasket.net\/product\/country-life-magnesium-citrate-120-tablets\/"]}]},{"@type":"ImageObject","inLanguage":"ar","@id":"https:\/\/cocktailbasket.net\/product\/country-life-magnesium-citrate-120-tablets\/#primaryimage","url":"https:\/\/cocktailbasket.net\/wp-content\/uploads\/2025\/09\/61fME19MufL._UF8941000_QL80_.jpg","contentUrl":"https:\/\/cocktailbasket.net\/wp-content\/uploads\/2025\/09\/61fME19MufL._UF8941000_QL80_.jpg","width":894,"height":894},{"@type":"BreadcrumbList","@id":"https:\/\/cocktailbasket.net\/product\/country-life-magnesium-citrate-120-tablets\/#breadcrumb","itemListElement":[{"@type":"ListItem","position":1,"name":"Home","item":"https:\/\/darkslategrey-magpie-783531.hostingersite.com\/"},{"@type":"ListItem","position":2,"name":"Products","item":"https:\/\/darkslategrey-magpie-783531.hostingersite.com\/shop\/"},{"@type":"ListItem","position":3,"name":"Country Life, Magnesium Citrate, 120 Tablets"}]},{"@type":"WebSite","@id":"https:\/\/darkslategrey-magpie-783531.hostingersite.com\/#website","url":"https:\/\/darkslategrey-magpie-783531.hostingersite.com\/","name":"\u0643\u0648\u0643\u062a\u064a\u0644 \u0628\u0627\u0633\u0643\u064a\u062a","description":"","publisher":{"@id":"https:\/\/darkslategrey-magpie-783531.hostingersite.com\/#\/schema\/person\/7229d96197859daac40338d81d23cb8e"},"potentialAction":[{"@type":"SearchAction","target":{"@type":"EntryPoint","urlTemplate":"https:\/\/darkslategrey-magpie-783531.hostingersite.com\/?s={search_term_string}"},"query-input":{"@type":"PropertyValueSpecification","valueRequired":true,"valueName":"search_term_string"}}],"inLanguage":"ar"},{"@type":["Person","Organization"],"@id":"https:\/\/darkslategrey-magpie-783531.hostingersite.com\/#\/schema\/person\/7229d96197859daac40338d81d23cb8e","name":"admin","image":{"@type":"ImageObject","inLanguage":"ar","@id":"https:\/\/secure.gravatar.com\/avatar\/d2362f8fbf4eecd71d1f4a2159a930bc1bf43ab9f7fc66de7fd8e3ed46af5022?s=96&d=mm&r=g","url":"https:\/\/secure.gravatar.com\/avatar\/d2362f8fbf4eecd71d1f4a2159a930bc1bf43ab9f7fc66de7fd8e3ed46af5022?s=96&d=mm&r=g","contentUrl":"https:\/\/secure.gravatar.com\/avatar\/d2362f8fbf4eecd71d1f4a2159a930bc1bf43ab9f7fc66de7fd8e3ed46af5022?s=96&d=mm&r=g","caption":"admin"},"logo":{"@id":"https:\/\/secure.gravatar.com\/avatar\/d2362f8fbf4eecd71d1f4a2159a930bc1bf43ab9f7fc66de7fd8e3ed46af5022?s=96&d=mm&r=g"}}]}},"_links":{"self":[{"href":"https:\/\/cocktailbasket.net\/ar\/wp-json\/wp\/v2\/product\/2743","targetHints":{"allow":["GET"]}}],"collection":[{"href":"https:\/\/cocktailbasket.net\/ar\/wp-json\/wp\/v2\/product"}],"about":[{"href":"https:\/\/cocktailbasket.net\/ar\/wp-json\/wp\/v2\/types\/product"}],"replies":[{"embeddable":true,"href":"https:\/\/cocktailbasket.net\/ar\/wp-json\/wp\/v2\/comments?post=2743"}],"version-history":[{"count":4,"href":"https:\/\/cocktailbasket.net\/ar\/wp-json\/wp\/v2\/product\/2743\/revisions"}],"predecessor-version":[{"id":3295,"href":"https:\/\/cocktailbasket.net\/ar\/wp-json\/wp\/v2\/product\/2743\/revisions\/3295"}],"wp:featuredmedia":[{"embeddable":true,"href":"https:\/\/cocktailbasket.net\/ar\/wp-json\/wp\/v2\/media\/2748"}],"wp:attachment":[{"href":"https:\/\/cocktailbasket.net\/ar\/wp-json\/wp\/v2\/media?parent=2743"}],"wp:term":[{"taxonomy":"product_brand","embeddable":true,"href":"https:\/\/cocktailbasket.net\/ar\/wp-json\/wp\/v2\/product_brand?post=2743"},{"taxonomy":"product_cat","embeddable":true,"href":"https:\/\/cocktailbasket.net\/ar\/wp-json\/wp\/v2\/product_cat?post=2743"},{"taxonomy":"product_tag","embeddable":true,"href":"https:\/\/cocktailbasket.net\/ar\/wp-json\/wp\/v2\/product_tag?post=2743"}],"curies":[{"name":"wp","href":"https:\/\/api.w.org\/{rel}","templated":true}]}}